{"id":14,"date":"2023-02-13T11:25:03","date_gmt":"2023-02-13T11:25:03","guid":{"rendered":"https:\/\/podstrana.online\/danica\/about\/"},"modified":"2025-01-05T12:55:30","modified_gmt":"2025-01-05T12:55:30","slug":"o_meni","status":"publish","type":"page","link":"https:\/\/podstrana.online\/danica\/o_meni\/","title":{"rendered":"O meni"},"content":{"rendered":"\n<figure class=\"wp-block-image size-full\"><img fetchpriority=\"high\" decoding=\"async\" width=\"450\" height=\"300\" src=\"https:\/\/podstrana.online\/danica\/wp-content\/uploads\/2023\/12\/IMG_8964.jpg\" alt=\"\" class=\"wp-image-34322\" srcset=\"https:\/\/podstrana.online\/danica\/wp-content\/uploads\/2023\/12\/IMG_8964.jpg 450w, https:\/\/podstrana.online\/danica\/wp-content\/uploads\/2023\/12\/IMG_8964-300x200.jpg 300w, https:\/\/podstrana.online\/danica\/wp-content\/uploads\/2023\/12\/IMG_8964-370x247.jpg 370w, https:\/\/podstrana.online\/danica\/wp-content\/uploads\/2023\/12\/IMG_8964-270x180.jpg 270w, https:\/\/podstrana.online\/danica\/wp-content\/uploads\/2023\/12\/IMG_8964-360x240.jpg 360w\" sizes=\"(max-width: 450px) 100vw, 450px\" \/><\/figure>\n\n\n\n<p>Ro\u0111ena sam 1953. u Kre\u0161evu Brdu u Dalmatinskoj zagori. Osnovnu \u0161kolu poha\u0111ala sam u Kre\u0161evu Brdu i \u0160estanovcu, a gimnazija u Omi\u0161u. Od 1972. nakon udaje \u017eivim u Splitu, a 1984. obitelj se nastanjuje u Podstrani kraj Splita, gdje \u017eivim i danas. Suprug i ja vodili su privatni ugostiteljski obrt i bavili se p\u010delarstvom.<\/p>\n\n\n\n<p>Ve\u0107 s 24 godine objavila sam prve pjesme u \u010dasopisu \u201eRast\u201c, glasilu literarne grupe Centra za kulturu \u201e\u0110uro Salaj u Splitu, br. 3. te sam tijekom vi\u0161e godina objavljivala u tom \u010dasopisu.\u00a0Objavljujem pjesme, oglede, eseje, crtice, memoarske reminiscencije u brojnim kulturnim i vjerskim \u010dasopisima i glasilima u zemlji i svijetu: \u201eVidik\u201c (Split), \u201eOko\u201c (Zagreb), \u201eIskra\u201c (Split), \u201eMaruli\u0107\u201c (Zagreb), \u201eForum\u201c (Zagreb).,\u201eVrelo \u017eivota\u201c (Sarajevo), \u201eCrkva u svijetu\u201c (Split), \u201eGlasnik Srca Isusova i Marijina\u201c (Zagreb), \u201eMarija\u201c (Split), \u201eNa\u0161a ognji\u0161ta\u201c (Tomislavgrad), \u201eObzorja\u201c (Split), \u201eImotska krajina\u201c (Imotski), \u201eFestival Internazionale\u201c La Voci della Poesia 2011.; Roma 2012.; \u201eProlo\u017eac\u201c (Prolo\u017eac), \u201eDometi\u201c (Rijeka), \u201eMI\u201c (Zagreb), \u201eVeritas\u201c (Zagreb), \u201eHrvatsko slovo\u201c (Zagreb), \u201eHaiku \u010dasopis\u201c (Zagreb), \u201eIris\u201c (Ivani\u0107 grad), \u201eGoran\u010dica\u201c, \u201eKrapinski zbornik\u201c (Krapina), \u201eLudbre\u0161ki haiku zbornik\u201c (Ludbreg), \u201eSamoborski haiku zbornik Darko Pla\u017eanin\u201c (Samobor), \u201eChristyamum\u201c (Japan). \u201eDiogen procultura\u201c (BiH), \u201eOj Delnice pod Pethovcem\u201c (Delnice), \u201eWancauver haiku\u201c (Wancauver, Kanada), \u201eCattails\u201c (SAD), \u201eHaiku Bucharest\u201c (Bugarska), \u201eMemurry\u201c (Japan), \u201eGlas Koncila\u201c (Zagreb), \u201eRadobilja\u201c (Katuni-Kre\u0161evo), \u201ePodstranska revija\u201c (Podstrana)., \u201eZbornik Stjepan Kranj\u010di\u0107\u201c (Kri\u017eevci), \u201eInternatonal poetry antology\u201c (New York), \u201eVoices in trouble\u201c (New York), \u201eMale novine\u201c (Buenos Aires), Internetski \u010dasopis \u201eThe Sketchbook\u201c (SAD), \u201eVIDO\u0160KA PJESNI\u010cKA NO\u0106\u201c Stolac, \u201eGRGUROVI HUKOVI\u201c Ravno, \u201eOsvit\u201c Mostar, (BiH), \u201eZadarski knji\u017eevni ljetopis\u201c, Zadar, \u201eAvlija -Ro\u017eaje\u201c, Crna Gora, \u201eNova prisutnost\u201c Zagreb, \u201eRepublika\u201c (Zagreb), \u201eZiN\u201c Li\u017enjan. Na me\u0111unarodnom natje\u010daju LABORATORIO CULTURALE, CONCORSO LETTERARIO, \u201eAdriatico tra sponda e sponda\u201c, Italija 2016. osvojila je drugu nagradu za poeziju. Znatan broj pjesama objavljen je i nagra\u0111en u zbornicima domoljubne poezije i pojedinim \u010dasopisima:\u00a0<em>Bojni bla\u017eenika na nebesima<\/em>\u00a0(Split).\u00a0<em>Rasplamsaj oluje u pjesmi i srcu<\/em>\u00a0(Split).\u00a0<em>Memento poetica<\/em>\u00a0(Split). \u201eRevija MH Osijek\u201c (Osijek), \u201eCvr\u010dak\u201c. \u201eMotri\u0161ta\u201c (Mostar), \u201eRevija Knji\u017eevna Rijeka\u201c (Rijeka), \u201eHrvatski fokus\u201c (Zagreb) i dr.<\/p>\n\n\n\n<p>Do sada mi je tiskano ukupno dvadeset i \u0161est samostalnih knjiga, od \u010dega dvadeset i tri knjige poezije, izbor iz poezije u knjizi<em>\u00a0Izabrane pjesme,<\/em>\u00a0Ogranak MH Split, Split-Podstrana, 2012. (prir. Hrvojka Mihanovi\u0107-Salopek) te dvije knjige proze i knjiga reminiscencija idu\u0107im redoslijedom:<\/p>\n\n\n\n<div class=\"wp-block-columns is-layout-flex wp-container-core-columns-is-layout-9d6595d7 wp-block-columns-is-layout-flex\">\n<div class=\"wp-block-column is-layout-flow wp-block-column-is-layout-flow\" style=\"flex-basis:33.33%\">\n<figure class=\"wp-block-image size-large\"><img decoding=\"async\" width=\"1024\" height=\"1024\" src=\"https:\/\/podstrana.online\/danica\/wp-content\/uploads\/2023\/12\/k01-1024x1024.jpg\" alt=\"\" class=\"wp-image-34695\" srcset=\"https:\/\/podstrana.online\/danica\/wp-content\/uploads\/2023\/12\/k01-1024x1024.jpg 1024w, https:\/\/podstrana.online\/danica\/wp-content\/uploads\/2023\/12\/k01-300x300.jpg 300w, https:\/\/podstrana.online\/danica\/wp-content\/uploads\/2023\/12\/k01-150x150.jpg 150w, https:\/\/podstrana.online\/danica\/wp-content\/uploads\/2023\/12\/k01-768x768.jpg 768w, https:\/\/podstrana.online\/danica\/wp-content\/uploads\/2023\/12\/k01-355x355.jpg 355w, https:\/\/podstrana.online\/danica\/wp-content\/uploads\/2023\/12\/k01-370x370.jpg 370w, https:\/\/podstrana.online\/danica\/wp-content\/uploads\/2023\/12\/k01-170x170.jpg 170w, https:\/\/podstrana.online\/danica\/wp-content\/uploads\/2023\/12\/k01.jpg 1080w\" sizes=\"(max-width: 1024px) 100vw, 1024px\" \/><\/figure>\n<\/div>\n\n\n\n<div class=\"wp-block-column is-layout-flow wp-block-column-is-layout-flow\" style=\"flex-basis:66.66%\">\n<ul class=\"wp-block-list\">\n<li><em>Glasnici zemlje,<\/em>\u00a0\u201cLogos\u201d, Split, 1982. (recenzija i pogovor Jure Ka\u0161telan)<\/li>\n\n\n\n<li><em>Iznad mrakova i tamnica<\/em>, \u201cBuvina\u201d, Split, 1989.<\/li>\n\n\n\n<li><em>Bijeli leptiri<\/em>, \u201cNarodno sveu\u010dili\u0161te, Split\u201d, Split 1993.<\/li>\n\n\n\n<li><em>Na izvorima ljubavi<\/em>, \u201cMH Split\u201c, Split, 1995.<\/li>\n\n\n\n<li><em>Kri\u017eono\u0161e<\/em>, \u201c MH Split\u201d, Split, 1997.<\/li>\n\n\n\n<li><em>Kad cvjetam<\/em>, \u201cMH Imotski\u201d, Imotski, 1998.<\/li>\n\n\n\n<li><em>Stablo vremena<\/em>, \u201cLaus\u201d, Split, 2000.<\/li>\n\n\n\n<li><em>Stablo vremena<\/em>, \u201cLaus\u201d, Split, 2000.<\/li>\n\n\n\n<li><em>Kad zemlju zemlji slegnem<\/em>, \u201cZiral\u201d Mostar, Mostar-Zagreb, 2001.<\/li>\n\n\n\n<li><em>To malo du\u0161e<\/em>, \u201cGlasnik SIM\u201d Zagreb, Zagreb, 2003.<\/li>\n\n\n\n<li><em>Sakriveno blago<\/em>, \u201eMH Podstrana\u201c, Podstrana, 2004.<\/li>\n\n\n\n<li><em>Svjetlosti \u017eiva<\/em>, \u201eMH Podstrana\u201c, Podstrana, 2005.<\/li>\n<\/ul>\n<\/div>\n<\/div>\n\n\n\n<ul class=\"wp-block-list\">\n<li><em>To dugujemo Bogu i sebi<\/em>, \u201eMH Podstrana\u201c, Podstrana, 2007.<\/li>\n\n\n\n<li><em>Peta dimenzija<\/em>, \u201eMH Split\u201c, Split-Zagreb, 2010.<\/li>\n\n\n\n<li><em>Izabrane pjesm<\/em>e, \u201eMH Split-Podstrana\u201c, Zagreb, 2012.<\/li>\n\n\n\n<li><em>Bu\u0111enje du\u0161e<\/em>, knjiga proze, \u201eNaklada Bo\u0161kovi\u0107\u201c Split, Split, 2013.<\/li>\n\n\n\n<li><em>Kudija i vrteno<\/em>, \u201eImotska krajina, MH Imotski-MH Podstrana\u201c, Split, 2014.<\/li>\n\n\n\n<li><em>Duhovno bilo, \u201e<\/em>UG Hrast \u2013 GUNJA, \u017dupanja\u201c, \u017dupanja, 2015.<\/li>\n\n\n\n<li><em>U babinu bavulu<\/em>, \u201eMH Podstrana,\u201c Podstrana, 2016.<\/li>\n\n\n\n<li><em>Drhtave latice srca<\/em>, \u201eMH Podstrana\u201c, Podstrana, 2017.<\/li>\n\n\n\n<li><em>Bu\u0111enje du\u0161e II<\/em>, \u201eNAKLADA BO\u0160KOVI\u0106,\u201c Biblioteka RASKRI\u017dJA 15, urednik \u0110uro Vidmarovi\u0107<\/li>\n\n\n\n<li><em>Ima jo\u0161 prolje\u0107a<\/em>, \u201eOgranak MH u Podstrani\u201c, Podstrana, 2019.<\/li>\n\n\n\n<li><em>HODO\u010cA\u0160\u0106E, (MILOST<\/em>),&nbsp;<em>biblioteka,&nbsp;<\/em>DAS WORT\/HRVATSKA KNJI\u017dEVNOST; 01, Slavonski Brod, 2022.<\/li>\n\n\n\n<li><em>HODO\u010cA\u0160\u0106E (ZEMLJIN TALOG),<\/em>&nbsp;<em>biblioteka,&nbsp;<\/em>DAS WORT\/ HRVATSKA KNJI\u017dEVNOST; 04, Slavonski Brod, 2022<\/li>\n\n\n\n<li><em>HODO\u010cA\u0160\u0106E, (DJEVOJ\u010cICA<\/em>&nbsp;<em>KOJA JE VOLJELA ZVIJEZDE<\/em>)&nbsp;<em>biblioteka,&nbsp;<\/em>DAS WORT\/ HRVATSKA KNJI\u017dEVNOST; 06, Slavonski Brod, 2022.<\/li>\n\n\n\n<li><em>HODO\u0106A\u0160\u0106E, (OLUJE<\/em>)\u00a0<em>biblioteka,\u00a0<\/em>DAS WORT\/ HRVATSKA KNJI\u017dEVNOST; 08, Slavonski Brod, 2023.<\/li>\n\n\n\n<li><em>\u017dIVOTNA NI<\/em><em>T<\/em>,&nbsp;<em>biblioteka,&nbsp;<\/em>DAS WORT\/HRVATSKA KNJI\u017dEVNOST; 9, Slavonski Brod, 2023.<\/li>\n\n\n\n<li><em>MIRIS MOJE ZEMLJE HRVATSKE<\/em>, (kra\u0107i izbor domoljubne poezije),&nbsp;<em>biblioteka,&nbsp;<\/em>DAS WORT: 42, Slavonski Brod 2023.<\/li>\n<\/ul>\n\n\n\n<div class=\"wp-block-columns is-layout-flex wp-container-core-columns-is-layout-9d6595d7 wp-block-columns-is-layout-flex\">\n<div class=\"wp-block-column is-layout-flow wp-block-column-is-layout-flow\">\n<figure class=\"wp-block-image size-large\"><img decoding=\"async\" width=\"1024\" height=\"1024\" src=\"https:\/\/podstrana.online\/danica\/wp-content\/uploads\/2023\/12\/k02-1024x1024.jpg\" alt=\"\" class=\"wp-image-34696\" srcset=\"https:\/\/podstrana.online\/danica\/wp-content\/uploads\/2023\/12\/k02-1024x1024.jpg 1024w, https:\/\/podstrana.online\/danica\/wp-content\/uploads\/2023\/12\/k02-300x300.jpg 300w, https:\/\/podstrana.online\/danica\/wp-content\/uploads\/2023\/12\/k02-150x150.jpg 150w, https:\/\/podstrana.online\/danica\/wp-content\/uploads\/2023\/12\/k02-768x768.jpg 768w, https:\/\/podstrana.online\/danica\/wp-content\/uploads\/2023\/12\/k02-355x355.jpg 355w, https:\/\/podstrana.online\/danica\/wp-content\/uploads\/2023\/12\/k02-370x370.jpg 370w, https:\/\/podstrana.online\/danica\/wp-content\/uploads\/2023\/12\/k02-170x170.jpg 170w, https:\/\/podstrana.online\/danica\/wp-content\/uploads\/2023\/12\/k02.jpg 1080w\" sizes=\"(max-width: 1024px) 100vw, 1024px\" \/><\/figure>\n<\/div>\n\n\n\n<div class=\"wp-block-column is-layout-flow wp-block-column-is-layout-flow\">\n<figure class=\"wp-block-image size-large\"><img loading=\"lazy\" decoding=\"async\" width=\"1024\" height=\"1024\" src=\"https:\/\/podstrana.online\/danica\/wp-content\/uploads\/2023\/12\/k18-1024x1024.jpg\" alt=\"\" class=\"wp-image-34700\" srcset=\"https:\/\/podstrana.online\/danica\/wp-content\/uploads\/2023\/12\/k18-1024x1024.jpg 1024w, https:\/\/podstrana.online\/danica\/wp-content\/uploads\/2023\/12\/k18-300x300.jpg 300w, https:\/\/podstrana.online\/danica\/wp-content\/uploads\/2023\/12\/k18-150x150.jpg 150w, https:\/\/podstrana.online\/danica\/wp-content\/uploads\/2023\/12\/k18-768x768.jpg 768w, https:\/\/podstrana.online\/danica\/wp-content\/uploads\/2023\/12\/k18-355x355.jpg 355w, https:\/\/podstrana.online\/danica\/wp-content\/uploads\/2023\/12\/k18-370x370.jpg 370w, https:\/\/podstrana.online\/danica\/wp-content\/uploads\/2023\/12\/k18-170x170.jpg 170w, https:\/\/podstrana.online\/danica\/wp-content\/uploads\/2023\/12\/k18.jpg 1080w\" sizes=\"(max-width: 1024px) 100vw, 1024px\" \/><\/figure>\n<\/div>\n\n\n\n<div class=\"wp-block-column is-layout-flow wp-block-column-is-layout-flow\">\n<figure class=\"wp-block-image size-large\"><img loading=\"lazy\" decoding=\"async\" width=\"1024\" height=\"1024\" src=\"https:\/\/podstrana.online\/danica\/wp-content\/uploads\/2023\/12\/b1-1024x1024.png\" alt=\"\" class=\"wp-image-34474\" srcset=\"https:\/\/podstrana.online\/danica\/wp-content\/uploads\/2023\/12\/b1-1024x1024.png 1024w, https:\/\/podstrana.online\/danica\/wp-content\/uploads\/2023\/12\/b1-300x300.png 300w, https:\/\/podstrana.online\/danica\/wp-content\/uploads\/2023\/12\/b1-150x150.png 150w, https:\/\/podstrana.online\/danica\/wp-content\/uploads\/2023\/12\/b1-768x768.png 768w, https:\/\/podstrana.online\/danica\/wp-content\/uploads\/2023\/12\/b1-355x355.png 355w, https:\/\/podstrana.online\/danica\/wp-content\/uploads\/2023\/12\/b1-370x370.png 370w, https:\/\/podstrana.online\/danica\/wp-content\/uploads\/2023\/12\/b1-170x170.png 170w, https:\/\/podstrana.online\/danica\/wp-content\/uploads\/2023\/12\/b1.png 1080w\" sizes=\"(max-width: 1024px) 100vw, 1024px\" \/><\/figure>\n<\/div>\n<\/div>\n\n\n\n<p>Sve knjige publicirane su u tisku, na radiju i televiziji, te katalogizirane u katalozima sveu\u010dili\u0161nih knji\u017enica u Splitu, Zagrebu, Dubrovniku, Mostaru, Sarajevu, te u drugim gradovima.<\/p>\n\n\n\n<p>Najve\u0107i dio svojih pjesama i knji\u017eevnih uradaka objavljivala sam 80-ih i 90-ih godina unutar brojnih vjerskih \u010dasopisa, (\u201eGlasnik SIM\u201c, \u201eMarija\u201c, \u201eVrelo \u017eivota\u201c, \u201eNa\u0161a ognji\u0161ta\u201c i dr.) s kojima sam do danas zadr\u017eala neprekidnu suradnju.\u00a0Bila sam me\u0111u malobrojnima koji su sudjelovali u ponovnom o\u017eivljavanju Matice hrvatske u Splitu, te je 1997., kao radni \u010dlan Matice hrvatske sudjelovala u njenim aktivnostima i djelovala kao suradnica tada\u0161njeg iznimno vrijednog predsjednika, pok. prof. Ivana Bo\u0161kovi\u0107a. Bila sam tijekom 1998. i 1999. urednica lista \u201e<em>Rast\u201c,<\/em>\u00a0kojeg je izdavao Centar za kulturu, \u201e\u0110uro Salaj\u201c u Splitu. Od 2004. do donedavno bila sam jedna od vrlo aktivnih urednica i kreatorica\u00a0<em>Podstranske revije\u00a0<\/em>u Podstrani. Sudjelovala sam i sura\u0111ivala s na Radio \u201eMariji\u201c<em>,\u00a0<\/em>na Radio\u00a0<em>\u201e<\/em>Suncu<em>\u201c,\u00a0<\/em>Hrvatskom radiju III. program, kulturnoj panorami Radio Splita, vi\u0161e puta na TV Jadran gdje je dva puta bila go\u0161\u0107a emisije \u201eVeliki judi\u201c, na Radio Imotski. \u010cesta sam go\u0161\u0107a na TV Dalmaciji, nastupila je TV Laudato. Sudjelovala sam i nastupala na brojnim smotrama pjesni\u0161tva, ma manifestaciji \u201eCroatia rediviva\u201c u Selcima na Bra\u010du, na pjesni\u010dkim susretima \u201eDobrojutro more\u201c u Podstrani, u Kri\u017eevcima na manifestaciji duhovnog stvarala\u0161tva \u201eStjepan Kranj\u010di\u0107\u201c, u Mostaru, Plo\u010dama, \u010capljini, Stocu, Splitu, Kninu, Jesenicama, Dugom Ratu,\u00a0Omi\u0161u, Splitu, Zagrebu i dr. Godine 2007., Dru\u0161tvo hrvatskih knji\u017eevnika i Udruga \u201ePasionska ba\u0161tina\u201c iz Zagreba, izabrali su me za pjesnikinju godine na temu\u00a0<em>Muka Kristova,<\/em>\u00a0te je u DHK moje izabrane pjesme na tu temu interpretirala glumica Mladena Gavran. Tako\u0111er je i 2021., ponovo uz jo\u0161 nekoliko kolega izabrana na istu temu\u00a0<em>Muka Kristova,\u00a0<\/em>te sam nastupala s izabranim pjesnicima u dvorani Matice hrvatske u Zagrebu. Pjesme je \u010ditao glumac Jo\u0161ko \u0160evo a dio pjesama autori. Vi\u0161e pjesama mi je uglazbio Nik\u0161a Njiri\u0107: ciklus pjesama\u00a0<em>Lutanja,\u00a0<\/em>tiskalo je Hrvatsko dru\u0161tvo skladatelja 1997., a pjesme su izvedene na me\u0111unarodnoj glazbenoj tribini \u2013 Opatija 1997., otpjevala ih je mezosopranistica Rahilka Burzevska, tako\u0111er, isti skladatelj uglazbio je moju pjesmu\u00a0<em>Leta\u010di zlatnog perja,\u00a0<\/em>koju je Hrvatski sabor kulture 1997., nagradio 1. nagradom. Pjesmu\u00a0<em>Svjetlosti vje\u010dne sine,\u00a0<\/em>Nik\u0161a Njiri\u0107 je uglazbio za mje\u0161oviti zbor, te je 2006. izvedena na festivalu zborskog pjevanja na Cro Patria u Splitu i snimljena na CD. Za isti festival Nik\u0161a Njiri\u0107 uglazbio je moje pjesme\u00a0<em>Veselije lice imao bi svijet,\u00a0<\/em>(izvedena 2010.) i\u00a0<em>Na Zornicu\u00a0<\/em>(izvedena 2011.) Pjesmu\u00a0<em>Sinovi groma,\u00a0<\/em>uglazbio je pok. Ljubo Stipi\u0161i\u0107 Delmata, a pjesma je tiskana u njegovoj knjizi:\u00a0<em>Nove bo\u017ei\u0107ne, korizmene i druge duhovne skladbe,<\/em>\u00a0\u201eVerbum\u201c, Split 2011. Tako\u0111er je nagra\u0111ena 1. nagradom, veterana 4. gardijske brigade i njihovom zlatnom plaketom, 2013. Nagradom za promicanje domovinskog stiha i pjesni\u010dke manifestacije, NA\u0160OJ BOJNI BLA\u017dENIKA NA NEBESIMA; 2019. Nagradom \u201eGunga\u201c i lovorovim vijencem, Jesenice 2919. Internetski \u010dasopis, The Sketchbook, 2012., svrstava me me\u0111u 150 istaknutih svjetskih pjesnika. Svrstana sam me\u0111u 100 najboljih europskih haiku pjesnika.<\/p>\n\n\n\n<p>O mom pjesni\u0161tvu, pisali su: Jure Ka\u0161telan, Drago \u0160imund\u017ea, Stjepan Puljiz, Jakov Bubalo, Petar Gudelj, Zoran Vukman, Ante Branko Peri\u0161a, Bo\u017eidar Prosenjak, Mladen Vukovi\u0107, Zdravko Kordi\u0107, Hrvojka Mihanovi\u0107 Salopek, Nedjeljko Mihanovi\u0107, \u0160piro Marasovi\u0107, \u0110uro Vidmarovi\u0107, Ilija Mati\u0107, Stipe \u0160andrk i dr.<\/p>\n\n\n\n<p>Uvr\u0161tena sam u antologijske izbore:<\/p>\n\n\n\n<ul class=\"wp-block-list\">\n<li><em>Ru\u017ea u hrvatskom pjesni\u0161tvu od po\u010detka do danas<\/em>, antologija, priredio Ivan Grlju\u0161i\u0107, Poljica, samostalna naklada Ivan Grlju\u0161i\u0107, Dugi Rat, 2005., str. 453.<\/li>\n\n\n\n<li><em>Krist u hrvatskom pjesni\u0161tvu od Jurja \u0160i\u017egori\u0107a do danas<\/em>, antologija duhovne poezije, izabrao i priredio Vladimir Lon\u010darevi\u0107, Verbum, Split, 2007.\u00a0 str.711 \u2013 714.<\/li>\n\n\n\n<li>Nedjeljko Mihanovi\u0107\/\u00a0<em>Polji\u010dki Parnas II<\/em>. Odabrani tekstovi. (Polji\u010dka \u010ditanka), Biblioteka ba\u0161tina 19., urednica: Hrvojka Mihanovi\u0107-Salopek, naklada BO\u0160KOVI\u0106, Split, 2009. str. 431-444.<\/li>\n\n\n\n<li><em>Hvaljen budi moj Gospodine<\/em>; Sveti Franjo u hrvatskom pjesni\u0161tvu. Priredili: Vladimir Lon\u010darevi\u0107, Bo\u017eidar Petra\u010d, Nevenka Videk, Nakladnik ALFA d.d., Zagreb, 2009. str. 560-562.<\/li>\n\n\n\n<li><em>Antologija hrvatskog haiku pjesni\u0161tva<\/em>, Haiku u Dalmaciji, priredili; Zlatko Juras i Danica Bartulovi\u0107, Biblioteka Perun, knj. 1. Izdava\u010d: Matica hrvatska Podstrana, 2001.<\/li>\n\n\n\n<li><em>Antologija-100 hrvatskih haiku<\/em>, antologija za igru, Zagreb, 2000. priredila Vi\u0161nja McMaster.<\/li>\n\n\n\n<li><em>Zbornik samoborskih haiku susreta<\/em>, Samobor 1998.<\/li>\n\n\n\n<li>4 haiku dani- Dubravko Ivan\u010danin, Krapina 2002.<\/li>\n\n\n\n<li>Vladimir Devide\/&nbsp;<em>Antologija hrvatskog haiku pjesni\u0161tva<\/em>. Naklada P.I.P. -Pavi\u010di\u0107, 1996.<\/li>\n\n\n\n<li>\u0110ur\u0111a Vukeli\u0107 \u2013 Ro\u017ei\u0107\/&nbsp;<em>Antologija hrvatskog haiku pjesni\u0161tva<\/em>,&nbsp;<em>Nepoko\u0161eno nebo, 1966<\/em>. \u2013&nbsp;<em>2007<\/em>. Udruga \u201eTri rijeke\u201c HPOI, Ivani\u0107 Grad.<\/li>\n\n\n\n<li>\u0110ur\u0111a Vukeli\u0107 \u2013Ro\u017ei\u0107\/&nbsp;<em>Antologija hrvatskog haiku pjesni\u0161tva. Nepoko\u0161eno nebo, 2007.<\/em>&nbsp;\u2013&nbsp;<em>2018.<\/em>&nbsp;Udruga \u201etri rijeke\u201c HPOI, Ivani\u0107 Grad, na hrvatskom i na engleskom jeziku. (izbor tekstova i glavna urednica \u0110ur\u0111a Vukeli\u0107 \u2013 Ro\u017ei\u0107).<\/li>\n\n\n\n<li><em>Na\u0161a vele\u010dasna maslina<\/em>, priredio Mladen Vukovi\u0107, Napredak. 2006. Split. Str. 275. 276.<\/li>\n\n\n\n<li><em>Zbornik duhove poezije<\/em>, dr. Stjepan Kranj\u010di\u0107, Kri\u017eevci.<\/li>\n\n\n\n<li><em>Mladen Vukovi\u0107<\/em>, Magare gre u raj, \u201eNaklada Bo\u0161kovi\u0107-Split\u201c, Split 2013.<\/li>\n\n\n\n<li><em>Mladen Vukovi\u0107,<\/em>&nbsp;\u0160imi\u0107evska preobra\u017eenja, \u201eMH-Grude\u201c, Grude 2017.<\/li>\n<\/ul>\n\n\n\n<p>Pripremila sam vi\u0161e knjiga poezije raznih autora za tisak, za neke napisale predgovore, pogovore ili osvrt, predstavila na predstavljanjima knjiga. (Nevenka Kova\u010devi\u0107, Stipan Medvidovi\u0107, Divna Ban Bakota, Zdravko Luburi\u0107, Pejo \u0160imi\u0107 \u2026). Mojim stihovima slu\u017ee se \u010dlanovi euritmijske radionice da bi pokretom izrazili poeziju i poruku koju poezija sadr\u017ei.<br>&nbsp;<\/p>\n\n\n\n<p>\u010clanica sam DHK u Zagrebu, HKD u Rijeci, DHK Herceg Bosne u Mostaru (BiH), \u010dlanica dru\u0161tva hrvatskih haiku pjesnika, \u010dlanica europskog dru\u0161tva haiku pjesnika. \u010clanica HPEU (hrvatske paneuropske unije).<\/p>\n\n\n\n<p><\/p>\n","protected":false},"excerpt":{"rendered":"<p>Ro\u0111ena sam 1953. u Kre\u0161evu Brdu u Dalmatinskoj zagori. Osnovnu \u0161kolu poha\u0111ala sam u Kre\u0161evu Brdu i \u0160estanovcu, a gimnazija &hellip; <\/p>\n","protected":false},"author":1,"featured_media":0,"parent":0,"menu_order":0,"comment_status":"closed","ping_status":"closed","template":"elementor_header_footer","meta":{"_coachify_sidebar_layout":"","footnotes":""},"class_list":["post-14","page","type-page","status-publish","hentry","image-hover-transition-effect"],"_links":{"self":[{"href":"https:\/\/podstrana.online\/danica\/wp-json\/wp\/v2\/pages\/14","targetHints":{"allow":["GET"]}}],"collection":[{"href":"https:\/\/podstrana.online\/danica\/wp-json\/wp\/v2\/pages"}],"about":[{"href":"https:\/\/podstrana.online\/danica\/wp-json\/wp\/v2\/types\/page"}],"author":[{"embeddable":true,"href":"https:\/\/podstrana.online\/danica\/wp-json\/wp\/v2\/users\/1"}],"replies":[{"embeddable":true,"href":"https:\/\/podstrana.online\/danica\/wp-json\/wp\/v2\/comments?post=14"}],"version-history":[{"count":0,"href":"https:\/\/podstrana.online\/danica\/wp-json\/wp\/v2\/pages\/14\/revisions"}],"wp:attachment":[{"href":"https:\/\/podstrana.online\/danica\/wp-json\/wp\/v2\/media?parent=14"}],"curies":[{"name":"wp","href":"https:\/\/api.w.org\/{rel}","templated":true}]}}